{"id":593,"date":"2021-08-23T08:00:00","date_gmt":"2021-08-23T06:00:00","guid":{"rendered":"https:\/\/kolekniewiary.pl\/?page_id=593"},"modified":"2024-02-04T23:47:16","modified_gmt":"2024-02-04T22:47:16","slug":"portfolio-rpg","status":"publish","type":"page","link":"https:\/\/kolekniewiary.pl\/?page_id=593","title":{"rendered":"Portfolio RPG"},"content":{"rendered":"\n<div class=\"wp-block-media-text alignwide has-media-on-the-right is-stacked-on-mobile\"><figure class=\"wp-block-media-text__media\"><img loading=\"lazy\" decoding=\"async\" width=\"721\" height=\"1024\" src=\"https:\/\/kolekniewiary.pl\/wp-content\/uploads\/2022\/04\/cover-721x1024.jpg\" alt=\"\" class=\"wp-image-800 size-full\" srcset=\"https:\/\/kolekniewiary.pl\/wp-content\/uploads\/2022\/04\/cover-721x1024.jpg 721w, https:\/\/kolekniewiary.pl\/wp-content\/uploads\/2022\/04\/cover-211x300.jpg 211w, https:\/\/kolekniewiary.pl\/wp-content\/uploads\/2022\/04\/cover-768x1090.jpg 768w, https:\/\/kolekniewiary.pl\/wp-content\/uploads\/2022\/04\/cover.jpg 839w\" sizes=\"auto, (max-width: 721px) 100vw, 721px\" \/><\/figure><div class=\"wp-block-media-text__content\">\n<h2 class=\"wp-block-heading\">Podmie\u0144cy<\/h2>\n\n\n\n<p>Hack strzyg<\/p>\n\n\n\n<p>To gra fabularna o podmie\u0144cach, czyli wr\u00f3\u017ckach wcielonych w ludzkie cia\u0142a. Przebywaj\u0105c na ziemi, musz\u0105 zapanowa\u0107 nad swoj\u0105 sprzeczn\u0105 natur\u0105 podczas walki o spraw\u0119, kt\u00f3ra przywo\u0142a\u0142a ich do \u015bwiata \u015bmiertelnik\u00f3w.<br><\/p>\n\n\n\n<div class=\"wp-block-buttons is-layout-flex wp-block-buttons-is-layout-flex\">\n<div class=\"wp-block-button\"><a class=\"wp-block-button__link\" href=\"https:\/\/kolekniewiary.itch.io\/podmiecy\">Pobierz z Itch.io<\/a><\/div>\n<\/div>\n<\/div><\/div>\n\n\n\n<div class=\"wp-block-media-text alignwide is-stacked-on-mobile\"><figure class=\"wp-block-media-text__media\"><img loading=\"lazy\" decoding=\"async\" width=\"420\" height=\"595\" src=\"https:\/\/kolekniewiary.pl\/wp-content\/uploads\/2021\/08\/3po3.jpg\" alt=\"\" class=\"wp-image-617 size-full\" srcset=\"https:\/\/kolekniewiary.pl\/wp-content\/uploads\/2021\/08\/3po3.jpg 420w, https:\/\/kolekniewiary.pl\/wp-content\/uploads\/2021\/08\/3po3-212x300.jpg 212w\" sizes=\"auto, (max-width: 420px) 100vw, 420px\" \/><\/figure><div class=\"wp-block-media-text__content\">\n<h2 class=\"wp-block-heading\">I dolina czerwieni\u0105 sp\u0142yn\u0119\u0142a<\/h2>\n\n\n\n<p> Pulp Cthulhu, Zew  Cthulhu <\/p>\n\n\n\n<p>To retro futurystyczny hexcrawl na 1-2 sesje. Powsta\u0142 w ramach game jamu #3po3.<\/p>\n\n\n\n<p>Jest rok 1957 \u2013 \u015brodek zimnej wojny. Gracze wcielaj\u0105 si\u0119 w agent\u00f3w FBI skierowanych badaj\u0105cych wypadek w laboratorium znanego profesora. Dow\u00f3dztwo podejrzewa sabota\u017c Czerwonych. Sprawa okazuje si\u0119 znacznie powa\u017cniejsza. Czy BG b\u0119d\u0105 w stanie zapobiec inwazji?!<\/p>\n\n\n\n<div class=\"wp-block-buttons is-layout-flex wp-block-buttons-is-layout-flex\">\n<div class=\"wp-block-button\"><a class=\"wp-block-button__link\" href=\"https:\/\/www.drivethrurpg.com\/product\/358718\/I-dolina-czerwienia-splynela\">pobierz z Miscatonic Repository<\/a><\/div>\n<\/div>\n<\/div><\/div>\n\n\n\n<div class=\"wp-block-media-text alignwide has-media-on-the-right is-stacked-on-mobile\"><figure class=\"wp-block-media-text__media\"><img loading=\"lazy\" decoding=\"async\" width=\"397\" height=\"842\" src=\"https:\/\/kolekniewiary.pl\/wp-content\/uploads\/2021\/07\/okladka_beholder.jpg\" alt=\"\" class=\"wp-image-608 size-full\" srcset=\"https:\/\/kolekniewiary.pl\/wp-content\/uploads\/2021\/07\/okladka_beholder.jpg 397w, https:\/\/kolekniewiary.pl\/wp-content\/uploads\/2021\/07\/okladka_beholder-141x300.jpg 141w\" sizes=\"auto, (max-width: 397px) 100vw, 397px\" \/><\/figure><div class=\"wp-block-media-text__content\">\n<h2 class=\"wp-block-heading\">W oku patrz\u0105cego<\/h2>\n\n\n\n<p>Potw\u00f3r tygodnia<\/p>\n\n\n\n<p>Skrzy\u017cowanie filmu del Toro ze \u201eSzklan\u0105 pu\u0142apk\u0105\u201d. W g\u0119stej przed\u015bwi\u0105tecznej atmosferze galerii handlowej polujecie na Pijawk\u0119. Ta przedwieczna bezoka istota nie jest w stanie prze\u017cywa\u0107 uczu\u0107 ani emocji dlatego wysysa je wraz z oczami swoich ofiar.<\/p>\n\n\n\n<div class=\"wp-block-buttons is-layout-flex wp-block-buttons-is-layout-flex\">\n<div class=\"wp-block-button\"><a class=\"wp-block-button__link\" href=\"https:\/\/kolekniewiary.itch.io\/w-oku-patrzcego\">Pobierz z Itch.io<\/a><\/div>\n<\/div>\n<\/div><\/div>\n\n\n\n<div class=\"wp-block-media-text alignwide is-stacked-on-mobile\"><figure class=\"wp-block-media-text__media\"><img loading=\"lazy\" decoding=\"async\" width=\"595\" height=\"842\" src=\"https:\/\/kolekniewiary.pl\/wp-content\/uploads\/2021\/07\/okladka_skarbiec.jpg\" alt=\"\" class=\"wp-image-607 size-full\" srcset=\"https:\/\/kolekniewiary.pl\/wp-content\/uploads\/2021\/07\/okladka_skarbiec.jpg 595w, https:\/\/kolekniewiary.pl\/wp-content\/uploads\/2021\/07\/okladka_skarbiec-212x300.jpg 212w\" sizes=\"auto, (max-width: 595px) 100vw, 595px\" \/><\/figure><div class=\"wp-block-media-text__content\">\n<h2 class=\"wp-block-heading\">Skarbiec al-Asturlabi<\/h2>\n\n\n\n<p>DnD 5e, copper bestseller<\/p>\n\n\n\n<p>Przenosimy si\u0119 w klimaty ba\u015bni z tysi\u0105ca i jednej nocy, na pustynie gdzie nieprzebrane skarby czekaj\u0105 na awanturnik\u00f3w, \u015bpi\u0105c w staro\u017cytnych podziemiach. Gdzie \u017cebracy targuj\u0105 si\u0119 z pot\u0119\u017cnymi d\u017cinami, a nieumarli pilnuj\u0105 ukrytych grobowc\u00f3w.<\/p>\n\n\n\n<p>Skarbiec to prosty lecz klimatyczny loch dla postaci na 3 poziomie. Zapewnia 4 godziny gry wype\u0142nionych walk\u0105, zagadkami i eksploracj\u0105.<\/p>\n\n\n\n<div class=\"wp-block-buttons is-layout-flex wp-block-buttons-is-layout-flex\">\n<div class=\"wp-block-button\"><a class=\"wp-block-button__link\" href=\"https:\/\/www.dmsguild.com\/product\/346622\/Skarbiec-alAsturlabi\">Kup na DMSGUild<\/a><\/div>\n<\/div>\n<\/div><\/div>\n\n\n\n<div class=\"wp-block-media-text alignwide has-media-on-the-right is-stacked-on-mobile\"><figure class=\"wp-block-media-text__media\"><img loading=\"lazy\" decoding=\"async\" width=\"595\" height=\"842\" src=\"https:\/\/kolekniewiary.pl\/wp-content\/uploads\/2021\/07\/okladka_dwor_czarneg_gnoma.jpg\" alt=\"\" class=\"wp-image-600 size-full\" srcset=\"https:\/\/kolekniewiary.pl\/wp-content\/uploads\/2021\/07\/okladka_dwor_czarneg_gnoma.jpg 595w, https:\/\/kolekniewiary.pl\/wp-content\/uploads\/2021\/07\/okladka_dwor_czarneg_gnoma-212x300.jpg 212w\" sizes=\"auto, (max-width: 595px) 100vw, 595px\" \/><\/figure><div class=\"wp-block-media-text__content\">\n<h2 class=\"wp-block-heading\">Dw\u00f3r Czarnego Gnoma<\/h2>\n\n\n\n<p>M\u00d6RK BORG<\/p>\n\n\n\n<p>12 stron eksploracji rezydencji tytu\u0142owego tyrana. Tutaj koty ludojady czaj\u0105 si\u0119 w zakurzonych kaplicach, a brunatni kulty\u015bci tylko czekaj\u0105, \u017ceby wyjecha\u0107 im w ryj z korbacza. Ponadto&nbsp; par\u0119 przydatnych generator\u00f3w i czytelne, lecz klimatyczne mapy.<\/p>\n\n\n\n<div class=\"wp-block-buttons is-layout-flex wp-block-buttons-is-layout-flex\">\n<div class=\"wp-block-button\"><a class=\"wp-block-button__link\" href=\"https:\/\/kolekniewiary.itch.io\/dwr-czarnego-gnoma\">Pobierz z Itch.io<\/a><\/div>\n<\/div>\n<\/div><\/div>\n\n\n\n<div class=\"wp-block-media-text alignwide is-stacked-on-mobile\"><figure class=\"wp-block-media-text__media\"><img loading=\"lazy\" decoding=\"async\" width=\"595\" height=\"842\" src=\"https:\/\/kolekniewiary.pl\/wp-content\/uploads\/2021\/07\/okladka_serce_smoka.jpg\" alt=\"\" class=\"wp-image-598 size-full\" srcset=\"https:\/\/kolekniewiary.pl\/wp-content\/uploads\/2021\/07\/okladka_serce_smoka.jpg 595w, https:\/\/kolekniewiary.pl\/wp-content\/uploads\/2021\/07\/okladka_serce_smoka-212x300.jpg 212w\" sizes=\"auto, (max-width: 595px) 100vw, 595px\" \/><\/figure><div class=\"wp-block-media-text__content\">\n<h2 class=\"wp-block-heading\">Serce smoka<\/h2>\n\n\n\n<p>DnD 5e, silver bestseller<\/p>\n\n\n\n<p>Debiut na DMsGuild. Lekka przygoda fantasy dla postaci na pierwszym poziomie do\u015bwiadczenia. Zaplanowana na 4-6 godziny gry. Ot taka w sam raz do rozegrania w leniwe popo\u0142udnie albo na konwencie. Do\u015b\u0107 przyjazna pocz\u0105tkuj\u0105cym graczom.<\/p>\n\n\n\n<div class=\"wp-block-buttons is-layout-flex wp-block-buttons-is-layout-flex\">\n<div class=\"wp-block-button\"><a class=\"wp-block-button__link\" href=\"https:\/\/www.dmsguild.com\/product\/301970\/Serce-Smoka\">Kup na DMSGUild<\/a><\/div>\n<\/div>\n<\/div><\/div>\n\n\n\n<div class=\"wp-block-media-text alignwide has-media-on-the-right is-stacked-on-mobile\"><figure class=\"wp-block-media-text__media\"><img loading=\"lazy\" decoding=\"async\" width=\"595\" height=\"842\" src=\"https:\/\/kolekniewiary.pl\/wp-content\/uploads\/2021\/07\/okladka_odkupienie.jpg\" alt=\"\" class=\"wp-image-595 size-full\" srcset=\"https:\/\/kolekniewiary.pl\/wp-content\/uploads\/2021\/07\/okladka_odkupienie.jpg 595w, https:\/\/kolekniewiary.pl\/wp-content\/uploads\/2021\/07\/okladka_odkupienie-212x300.jpg 212w\" sizes=\"auto, (max-width: 595px) 100vw, 595px\" \/><\/figure><div class=\"wp-block-media-text__content\">\n<h2 class=\"wp-block-heading\">Odkupienie<\/h2>\n\n\n\n<p>Coriolis, Zwyci\u0119ski scenariusz konkursu Quentin 2019<\/p>\n\n\n\n<p>Ostatnie par\u0119 lat sp\u0119dzili\u015bcie w wi\u0119zieniu. Szcz\u0119\u015bliwy traf i  determinacja pozwoli\u0142y wam prysn\u0105\u0107. Podczas odsiadki dowiedzieli\u015bcie si\u0119 o istnieniu skarbu. Niestety po\u015bcig jest tu\u017c za wami. Przygoda zaczyna si\u0119 jak klasyczna \u201ewyprawa po skarb\u201d \u2013 pytanie, co znajdziecie opr\u00f3cz z\u0142ota i klejnot\u00f3w?<\/p>\n\n\n\n<div class=\"wp-block-buttons is-layout-flex wp-block-buttons-is-layout-flex\">\n<div class=\"wp-block-button\"><a class=\"wp-block-button__link\" href=\"https:\/\/www.quentinrpg.pl\/?page_id=4280\">Pobierz ze strony Quentina<\/a><\/div>\n<\/div>\n<\/div><\/div>\n\n\n\n<div class=\"wp-block-media-text alignwide is-stacked-on-mobile\"><figure class=\"wp-block-media-text__media\"><img loading=\"lazy\" decoding=\"async\" width=\"595\" height=\"842\" src=\"https:\/\/kolekniewiary.pl\/wp-content\/uploads\/2021\/07\/okladka_szyszynka_grozy_.jpg\" alt=\"\" class=\"wp-image-594 size-full\" srcset=\"https:\/\/kolekniewiary.pl\/wp-content\/uploads\/2021\/07\/okladka_szyszynka_grozy_.jpg 595w, https:\/\/kolekniewiary.pl\/wp-content\/uploads\/2021\/07\/okladka_szyszynka_grozy_-212x300.jpg 212w\" sizes=\"auto, (max-width: 595px) 100vw, 595px\" \/><\/figure><div class=\"wp-block-media-text__content\">\n<h2 class=\"wp-block-heading\">Szyszynka Grozy<\/h2>\n\n\n\n<p>Shadowrun Anarchy<\/p>\n\n\n\n<p>M\u00f3j pierwszy opublikowany scenariusz. Finalista Quentina 2018.  \u015aledztwo w cyberpunkowej Pradze, w\u0142amania do bibliotek, zdrady i strzelaniny. Seryjny morderca w tle. <\/p>\n\n\n\n<div class=\"wp-block-buttons is-layout-flex wp-block-buttons-is-layout-flex\">\n<div class=\"wp-block-button\"><a class=\"wp-block-button__link\" href=\"https:\/\/www.quentinrpg.pl\/?page_id=3796\">Pobierz ze strony quentinA<\/a><\/div>\n<\/div>\n<\/div><\/div>\n\n\n\n<p><\/p>\n","protected":false},"excerpt":{"rendered":"","protected":false},"author":1,"featured_media":0,"parent":0,"menu_order":0,"comment_status":"closed","ping_status":"closed","template":"","meta":{"footnotes":""},"class_list":["post-593","page","type-page","status-publish","hentry"],"_links":{"self":[{"href":"https:\/\/kolekniewiary.pl\/index.php?rest_route=\/wp\/v2\/pages\/593","targetHints":{"allow":["GET"]}}],"collection":[{"href":"https:\/\/kolekniewiary.pl\/index.php?rest_route=\/wp\/v2\/pages"}],"about":[{"href":"https:\/\/kolekniewiary.pl\/index.php?rest_route=\/wp\/v2\/types\/page"}],"author":[{"embeddable":true,"href":"https:\/\/kolekniewiary.pl\/index.php?rest_route=\/wp\/v2\/users\/1"}],"replies":[{"embeddable":true,"href":"https:\/\/kolekniewiary.pl\/index.php?rest_route=%2Fwp%2Fv2%2Fcomments&post=593"}],"version-history":[{"count":12,"href":"https:\/\/kolekniewiary.pl\/index.php?rest_route=\/wp\/v2\/pages\/593\/revisions"}],"predecessor-version":[{"id":1134,"href":"https:\/\/kolekniewiary.pl\/index.php?rest_route=\/wp\/v2\/pages\/593\/revisions\/1134"}],"wp:attachment":[{"href":"https:\/\/kolekniewiary.pl\/index.php?rest_route=%2Fwp%2Fv2%2Fmedia&parent=593"}],"curies":[{"name":"wp","href":"https:\/\/api.w.org\/{rel}","templated":true}]}}